{"id":2642,"date":"2023-10-24T11:02:18","date_gmt":"2023-10-24T09:02:18","guid":{"rendered":"https:\/\/site.espacioelearning.com\/pivet\/?page_id=2642"},"modified":"2023-12-28T16:03:01","modified_gmt":"2023-12-28T14:03:01","slug":"manual-es","status":"publish","type":"page","link":"https:\/\/pivet.espacioelearning.com\/es\/manual-es\/","title":{"rendered":"Manual"},"content":{"rendered":"\t\t<div data-elementor-type=\"wp-page\" data-elementor-id=\"2642\" class=\"elementor elementor-2642\" data-elementor-post-type=\"page\">\n\t\t\t\t<div class=\"elementor-element elementor-element-131d432 e-flex e-con-boxed e-con e-parent\" data-id=\"131d432\" data-element_type=\"container\" data-settings=\"{&quot;background_background&quot;:&quot;gradient&quot;,&quot;sticky&quot;:&quot;top&quot;,&quot;jet_parallax_layout_list&quot;:[],&quot;sticky_on&quot;:[&quot;desktop&quot;,&quot;tablet&quot;,&quot;mobile&quot;],&quot;sticky_offset&quot;:0,&quot;sticky_effects_offset&quot;:0,&quot;sticky_anchor_link_offset&quot;:0}\">\n\t\t\t\t\t<div class=\"e-con-inner\">\n\t\t<div class=\"elementor-element elementor-element-8648a23 e-con-full e-flex e-con e-parent\" data-id=\"8648a23\" data-element_type=\"container\" data-settings=\"{&quot;jet_parallax_layout_list&quot;:[]}\">\n\t\t\t\t<div class=\"elementor-element elementor-element-0c83953 elementor-widget elementor-widget-theme-site-logo elementor-widget-image\" data-id=\"0c83953\" data-element_type=\"widget\" data-widget_type=\"theme-site-logo.default\">\n\t\t\t\t<div class=\"elementor-widget-container\">\n\t\t\t\t\t\t\t\t\t<a href=\"https:\/\/pivet.espacioelearning.com\/es\/\">\n\t\t\t<img decoding=\"async\" width=\"220\" height=\"55\" src=\"https:\/\/pivet.espacioelearning.com\/wp-content\/uploads\/2023\/05\/logo.svg\" class=\"attachment-full size-full wp-image-56\" alt=\"\" \/>\t\t\t\t<\/a>\n\t\t\t\t\t\t\t\t\t<\/div>\n\t\t\t\t<\/div>\n\t\t\t\t<\/div>\n\t\t<div class=\"elementor-element elementor-element-a314b45 e-con-full e-flex e-con e-parent\" data-id=\"a314b45\" data-element_type=\"container\" data-settings=\"{&quot;jet_parallax_layout_list&quot;:[]}\">\n\t\t\t\t<div class=\"elementor-element elementor-element-8cd9b84 elementor-widget elementor-widget-heading\" data-id=\"8cd9b84\" data-element_type=\"widget\" data-widget_type=\"heading.default\">\n\t\t\t\t<div class=\"elementor-widget-container\">\n\t\t\t<h2 class=\"elementor-heading-title elementor-size-default\">Competici\u00f3n Europea Normas y manual de uso<\/h2>\t\t<\/div>\n\t\t\t\t<\/div>\n\t\t\t\t<\/div>\n\t\t\t\t\t<\/div>\n\t\t\t\t<\/div>\n\t\t<div class=\"elementor-element elementor-element-8b73705 e-flex e-con-boxed e-con e-parent\" data-id=\"8b73705\" data-element_type=\"container\" data-settings=\"{&quot;jet_parallax_layout_list&quot;:[]}\">\n\t\t\t\t\t<div class=\"e-con-inner\">\n\t\t<div class=\"elementor-element elementor-element-357b6e8 e-con-full e-flex e-con e-parent\" data-id=\"357b6e8\" data-element_type=\"container\" data-settings=\"{&quot;jet_parallax_layout_list&quot;:[]}\">\n\t\t<div class=\"elementor-element elementor-element-da0723a e-flex e-con-boxed e-con e-parent\" data-id=\"da0723a\" data-element_type=\"container\" data-settings=\"{&quot;background_background&quot;:&quot;classic&quot;,&quot;jet_parallax_layout_list&quot;:[]}\">\n\t\t\t\t\t<div class=\"e-con-inner\">\n\t\t<div class=\"elementor-element elementor-element-3260e1b e-flex e-con-boxed e-con e-parent\" data-id=\"3260e1b\" data-element_type=\"container\" data-settings=\"{&quot;jet_parallax_layout_list&quot;:[]}\">\n\t\t\t\t\t<div class=\"e-con-inner\">\n\t\t\t\t<div class=\"elementor-element elementor-element-d3b2987 elementor-widget elementor-widget-text-editor\" data-id=\"d3b2987\" data-element_type=\"widget\" data-widget_type=\"text-editor.default\">\n\t\t\t\t<div class=\"elementor-widget-container\">\n\t\t\t\t\t\t\t\u00abCo-Creating Sustainable Learning Programs\u00bb es una Competici\u00f3n Europea\ndirigida a Proveedores de Educaci\u00f3n y Formaci\u00f3n Profesional (EFP),\nimplementado en el \u00e1mbito del proyecto \u00abPowering the Innovation of VET (PIVET)\u00bb, Asociaci\u00f3n de Cooperaci\u00f3n cofinanciada por el Programa Erasmus+ de\nla Uni\u00f3n Europea bajo el Acuerdo de Subvenci\u00f3n N\u00ba 2021-1-BG01-KA220-VET000034634. El proyecto est\u00e1 coordinado por Institute Perspectives (BG), en\nasociaci\u00f3n con la Universidad Tecnol\u00f3gica de Shannon: Midlands Midwest (IE),\nFemxa Formaci\u00f3n (ES), Lasc\u00f2 (IT) y Center for Social Innovation (CY).\n\n<style>\n  a {\n    color: white;\n    text-decoration: none; \/* Esto elimina el subrayado del enlace *\/\n  }\n\n  a:hover {\n    color: white; \/* Color blanco en estado \"hover\" *\/\n  }\n<\/style>\n\n<p>M\u00e1s informaci\u00f3n sobre el proyecto en: <a href=\"https:\/\/pivet.eu\/\" target=\"_blank\">https:\/\/pivet.eu\/<\/a><\/p>\n\t\t\t\t\t\t<\/div>\n\t\t\t\t<\/div>\n\t\t\t\t<div class=\"elementor-element elementor-element-423ceb4 elementor-widget elementor-widget-button\" data-id=\"423ceb4\" data-element_type=\"widget\" data-widget_type=\"button.default\">\n\t\t\t\t<div class=\"elementor-widget-container\">\n\t\t\t\t\t\t\t<div class=\"elementor-button-wrapper\">\n\t\t\t\t\t<a class=\"elementor-button elementor-button-link elementor-size-sm\" href=\"https:\/\/pivet.espacioelearning.com\/wp-content\/uploads\/2023\/12\/Guidelines-Spain.pdf\" target=\"_blank\">\n\t\t\t\t\t\t<span class=\"elementor-button-content-wrapper\">\n\t\t\t\t\t\t\t\t\t<span class=\"elementor-button-text\">Ver bases de la competici\u00f3n y manual de uso<\/span>\n\t\t\t\t\t<\/span>\n\t\t\t\t\t<\/a>\n\t\t\t\t<\/div>\n\t\t\t\t\t\t<\/div>\n\t\t\t\t<\/div>\n\t\t\t\t\t<\/div>\n\t\t\t\t<\/div>\n\t\t\t\t\t<\/div>\n\t\t\t\t<\/div>\n\t\t\t\t<\/div>\n\t\t\t\t\t<\/div>\n\t\t\t\t<\/div>\n\t\t<div class=\"elementor-element elementor-element-d48614a e-flex e-con-boxed e-con e-parent\" data-id=\"d48614a\" data-element_type=\"container\" data-settings=\"{&quot;jet_parallax_layout_list&quot;:[]}\">\n\t\t\t\t\t<div class=\"e-con-inner\">\n\t\t\t\t<div class=\"elementor-element elementor-element-9ff3b8c elementor-widget elementor-widget-jet-video\" data-id=\"9ff3b8c\" data-element_type=\"widget\" data-widget_type=\"jet-video.default\">\n\t\t\t\t<div class=\"elementor-widget-container\">\n\t\t\t<div class=\"elementor-jet-video jet-elements\">\n<div class=\"jet-video jet-video--fa5-compat\" data-settings=\"{&quot;lightbox&quot;:false,&quot;autoplay&quot;:false}\"><video class=\"jet-video-player jet-video-mejs-player jet-video-custom-play-button\" src=\"https:\/\/pivet.espacioelearning.com\/wp-content\/uploads\/2023\/10\/Videotutorial-PIVET-European-Competition-.mp4\" controls=\"\" playsinline=\"\" poster=\"https:\/\/pivet.espacioelearning.com\/wp-content\/uploads\/2023\/10\/pivet.png\" style=\"max-width: 100%;\" data-controls=\"[&quot;playpause&quot;,&quot;current&quot;,&quot;progress&quot;,&quot;duration&quot;,&quot;volume&quot;,&quot;fullscreen&quot;]\"><\/video>\n<div class=\"jet-video__overlay\">\n<div class=\"jet-video__play-button\" role=\"button\" tabindex=\"0\" aria-label=\"Video play button\"><span class=\"jet-elements-icon jet-video__play-button-icon\"><i aria-hidden=\"true\" class=\"fas fa-play\"><\/i><\/span>\t<span class=\"elementor-screen-only\">Play Video<\/span>\n<\/div>\n<\/div>\n<\/div>\n<\/div>\t\t<\/div>\n\t\t\t\t<\/div>\n\t\t\t\t\t<\/div>\n\t\t\t\t<\/div>\n\t\t<div class=\"elementor-element elementor-element-d4093bd e-con-full e-flex e-con e-parent\" data-id=\"d4093bd\" data-element_type=\"container\" data-settings=\"{&quot;background_background&quot;:&quot;gradient&quot;,&quot;jet_parallax_layout_list&quot;:[]}\">\n\t\t<div class=\"elementor-element elementor-element-2e739bf e-con-full e-flex e-con e-parent\" data-id=\"2e739bf\" data-element_type=\"container\" data-settings=\"{&quot;jet_parallax_layout_list&quot;:[]}\">\n\t\t\t\t<div class=\"elementor-element elementor-element-020997f bandera elementor-widget elementor-widget-wpml-language-switcher\" data-id=\"020997f\" data-element_type=\"widget\" data-widget_type=\"wpml-language-switcher.default\">\n\t\t\t\t<div class=\"elementor-widget-container\">\n\t\t\t<div class=\"wpml-elementor-ls\">\n<div class=\"wpml-ls-statics-shortcode_actions wpml-ls wpml-ls-legacy-list-horizontal\">\n\t<ul><li class=\"wpml-ls-slot-shortcode_actions wpml-ls-item wpml-ls-item-es wpml-ls-current-language wpml-ls-first-item wpml-ls-item-legacy-list-horizontal\">\n\t\t\t\t<a href=\"https:\/\/pivet.espacioelearning.com\/es\/\" class=\"wpml-ls-link\">\n                                                        <img decoding=\"async\"\n            class=\"wpml-ls-flag\"\n            src=\"https:\/\/pivet.espacioelearning.com\/wp-content\/plugins\/sitepress-multilingual-cms\/res\/flags\/es.svg\"\n            alt=\"\"\n            width=18\n            height=12\n    \/><span class=\"wpml-ls-native\">Espa\u00f1ol<\/span><\/a>\n\t\t\t<\/li><li class=\"wpml-ls-slot-shortcode_actions wpml-ls-item wpml-ls-item-en wpml-ls-item-legacy-list-horizontal\">\n\t\t\t\t<a href=\"https:\/\/pivet.espacioelearning.com\" class=\"wpml-ls-link\">\n                                                        <img decoding=\"async\"\n            class=\"wpml-ls-flag\"\n            src=\"https:\/\/pivet.espacioelearning.com\/wp-content\/plugins\/sitepress-multilingual-cms\/res\/flags\/en.svg\"\n            alt=\"\"\n            width=18\n            height=12\n    \/><span class=\"wpml-ls-display\">Ingl\u00e9s<\/span><\/a>\n\t\t\t<\/li><li class=\"wpml-ls-slot-shortcode_actions wpml-ls-item wpml-ls-item-it wpml-ls-item-legacy-list-horizontal\">\n\t\t\t\t<a href=\"https:\/\/pivet.espacioelearning.com\/it\/\" class=\"wpml-ls-link\">\n                                                        <img decoding=\"async\"\n            class=\"wpml-ls-flag\"\n            src=\"https:\/\/pivet.espacioelearning.com\/wp-content\/plugins\/sitepress-multilingual-cms\/res\/flags\/it.svg\"\n            alt=\"\"\n            width=18\n            height=12\n    \/><span class=\"wpml-ls-display\">Italiano<\/span><\/a>\n\t\t\t<\/li><li class=\"wpml-ls-slot-shortcode_actions wpml-ls-item wpml-ls-item-bg wpml-ls-item-legacy-list-horizontal\">\n\t\t\t\t<a href=\"https:\/\/pivet.espacioelearning.com\/bg\/\" class=\"wpml-ls-link\">\n                                                        <img decoding=\"async\"\n            class=\"wpml-ls-flag\"\n            src=\"https:\/\/pivet.espacioelearning.com\/wp-content\/plugins\/sitepress-multilingual-cms\/res\/flags\/bg.svg\"\n            alt=\"\"\n            width=18\n            height=12\n    \/><span class=\"wpml-ls-display\">B\u00falgaro<\/span><\/a>\n\t\t\t<\/li><li class=\"wpml-ls-slot-shortcode_actions wpml-ls-item wpml-ls-item-el wpml-ls-last-item wpml-ls-item-legacy-list-horizontal\">\n\t\t\t\t<a href=\"https:\/\/pivet.espacioelearning.com\/el\/\" class=\"wpml-ls-link\">\n                                                        <img decoding=\"async\"\n            class=\"wpml-ls-flag\"\n            src=\"https:\/\/pivet.espacioelearning.com\/wp-content\/uploads\/flags\/12.jpg\"\n            alt=\"\"\n            width=18\n            height=12\n    \/><span class=\"wpml-ls-display\">Griego<\/span><\/a>\n\t\t\t<\/li><\/ul>\n<\/div>\n<\/div>\t\t<\/div>\n\t\t\t\t<\/div>\n\t\t\t\t<\/div>\n\t\t<div class=\"elementor-element elementor-element-d4cce9f e-con-full e-flex e-con e-parent\" data-id=\"d4cce9f\" data-element_type=\"container\" data-settings=\"{&quot;jet_parallax_layout_list&quot;:[]}\">\n\t\t\t\t<div class=\"elementor-element elementor-element-b36d64c elementor-widget elementor-widget-heading\" data-id=\"b36d64c\" data-element_type=\"widget\" data-widget_type=\"heading.default\">\n\t\t\t\t<div class=\"elementor-widget-container\">\n\t\t\t<h2 class=\"elementor-heading-title elementor-size-default\"><a href=\"https:\/\/pivet.espacioelearning.com\/es\/politica-de-cookies-ue\/\">Cookie Policy<\/a><\/h2>\t\t<\/div>\n\t\t\t\t<\/div>\n\t\t\t\t<div class=\"elementor-element elementor-element-a0f1618 elementor-widget elementor-widget-image\" data-id=\"a0f1618\" data-element_type=\"widget\" data-widget_type=\"image.default\">\n\t\t\t\t<div class=\"elementor-widget-container\">\n\t\t\t\t\t\t\t\t\t\t\t\t\t<img decoding=\"async\" width=\"18\" height=\"25\" src=\"https:\/\/pivet.espacioelearning.com\/wp-content\/uploads\/2023\/10\/Icon-blanco.png\" class=\"attachment-large size-large wp-image-2815\" alt=\"\" \/>\t\t\t\t\t\t\t\t\t\t\t\t\t<\/div>\n\t\t\t\t<\/div>\n\t\t\t\t<div class=\"elementor-element elementor-element-490466b elementor-widget elementor-widget-heading\" data-id=\"490466b\" data-element_type=\"widget\" data-widget_type=\"heading.default\">\n\t\t\t\t<div class=\"elementor-widget-container\">\n\t\t\t<h2 class=\"elementor-heading-title elementor-size-default\">Privacy Policy<\/h2>\t\t<\/div>\n\t\t\t\t<\/div>\n\t\t\t\t<\/div>\n\t\t<div class=\"elementor-element elementor-element-a9107e8 e-con-full e-flex e-con e-parent\" data-id=\"a9107e8\" data-element_type=\"container\" data-settings=\"{&quot;jet_parallax_layout_list&quot;:[]}\">\n\t\t\t\t<div class=\"elementor-element elementor-element-313ac5a elementor-widget elementor-widget-theme-site-logo elementor-widget-image\" data-id=\"313ac5a\" data-element_type=\"widget\" data-widget_type=\"theme-site-logo.default\">\n\t\t\t\t<div class=\"elementor-widget-container\">\n\t\t\t\t\t\t\t\t\t<a href=\"https:\/\/pivet.espacioelearning.com\/es\/\">\n\t\t\t<img decoding=\"async\" width=\"220\" height=\"55\" src=\"https:\/\/pivet.espacioelearning.com\/wp-content\/uploads\/2023\/05\/logo.svg\" class=\"attachment-full size-full wp-image-56\" alt=\"\" \/>\t\t\t\t<\/a>\n\t\t\t\t\t\t\t\t\t<\/div>\n\t\t\t\t<\/div>\n\t\t\t\t<\/div>\n\t\t\t\t<\/div>\n\t\t\t\t<\/div>\n\t\t","protected":false},"excerpt":{"rendered":"<p>Competici\u00f3n Europea Normas y manual de uso \u00abCo-Creating Sustainable Learning Programs\u00bb es una Competici\u00f3n Europea dirigida a Proveedores de Educaci\u00f3n y Formaci\u00f3n Profesional (EFP), implementado en el \u00e1mbito del proyecto \u00abPowering the Innovation of VET (PIVET)\u00bb, Asociaci\u00f3n de Cooperaci\u00f3n cofinanciada por el Programa Erasmus+ de la Uni\u00f3n Europea bajo el Acuerdo de Subvenci\u00f3n N\u00ba 2021-1-BG01-KA220-VET000034634. [&hellip;]<\/p>\n","protected":false},"author":1,"featured_media":0,"parent":0,"menu_order":0,"comment_status":"closed","ping_status":"closed","template":"elementor_canvas","meta":{"_jf_limit_responses":"","footnotes":""},"class_list":["post-2642","page","type-page","status-publish","hentry"],"_links":{"self":[{"href":"https:\/\/pivet.espacioelearning.com\/es\/wp-json\/wp\/v2\/pages\/2642","targetHints":{"allow":["GET"]}}],"collection":[{"href":"https:\/\/pivet.espacioelearning.com\/es\/wp-json\/wp\/v2\/pages"}],"about":[{"href":"https:\/\/pivet.espacioelearning.com\/es\/wp-json\/wp\/v2\/types\/page"}],"author":[{"embeddable":true,"href":"https:\/\/pivet.espacioelearning.com\/es\/wp-json\/wp\/v2\/users\/1"}],"replies":[{"embeddable":true,"href":"https:\/\/pivet.espacioelearning.com\/es\/wp-json\/wp\/v2\/comments?post=2642"}],"version-history":[{"count":172,"href":"https:\/\/pivet.espacioelearning.com\/es\/wp-json\/wp\/v2\/pages\/2642\/revisions"}],"predecessor-version":[{"id":3166,"href":"https:\/\/pivet.espacioelearning.com\/es\/wp-json\/wp\/v2\/pages\/2642\/revisions\/3166"}],"wp:attachment":[{"href":"https:\/\/pivet.espacioelearning.com\/es\/wp-json\/wp\/v2\/media?parent=2642"}],"curies":[{"name":"wp","href":"https:\/\/api.w.org\/{rel}","templated":true}]}}